{"id":305,"date":"2019-01-03T20:10:34","date_gmt":"2019-01-03T19:10:34","guid":{"rendered":"https:\/\/www.lessittelles.ch\/wp5\/?page_id=305"},"modified":"2023-01-10T22:45:51","modified_gmt":"2023-01-10T21:45:51","slug":"nos-activites","status":"publish","type":"page","link":"https:\/\/www.lessittelles.ch\/wp5\/nos-activites\/","title":{"rendered":"Nos activit\u00e9s"},"content":{"rendered":"\n<p>L&rsquo;ann\u00e9e \u00ab\u00a0type\u00a0\u00bb des Sittelles est rythm\u00e9e par divers \u00e9v\u00e8nements r\u00e9guliers :<\/p>\n\n\n\n<ul class=\"wp-block-list\">\n<li>Nos <strong>concerts&nbsp;annuels<\/strong>, qui ont lieu le dernier week-end du mois de janvier, sont pour nous l&rsquo;occasion de pr\u00e9senter un programme vari\u00e9, fruit d&rsquo;une ann\u00e9e de r\u00e9p\u00e9titions.<\/li>\n\n\n\n<li>Un <strong>match\u00a0aux\u00a0cartes<\/strong> organis\u00e9 d\u00e9but octobre permet aux \u00e9quipes les plus exp\u00e9riment\u00e9es comme aux joueurs moins avertis de passer un bon moment pour \u00ab\u00a0taper le carton\u00a0\u00bb. Bonne humeur et ambiance garantie!<\/li>\n<\/ul>\n\n\n\n<p>Nous organisons \u00e9galement des concerts dans des EMS, animons, en alternance avec l&rsquo;Harmonie d&rsquo;Oron, les festivit\u00e9s du 1er ao\u00fbt \u00e0 Oron-la-Ville, et collaborons parfois avec d&rsquo;autres soci\u00e9t\u00e9s ou choeurs de la r\u00e9gion.<\/p>\n\n\n\n<p>De plus, et d\u00e8s que l&rsquo;occasion se pr\u00e9sente, nous n&rsquo;h\u00e9sitons pas \u00e0 participer \u00e0 des manifestations organis\u00e9es par des f\u00e9d\u00e9rations ou associations d&rsquo;accord\u00e9on, tels que le Concours Romand des Soci\u00e9t\u00e9s d&rsquo;Accord\u00e9onistes par exemple.<\/p>\n\n\n\n<p>Les manifestations et concerts pr\u00e9vus prochainement sont list\u00e9es dans notre <a href=\"https:\/\/www.lessittelles.ch\/wp5\/prochains-evenements\/\">agenda des prochains \u00e9v\u00e8nements<\/a>.<\/p>\n\n\n\n<p>Si vous d\u00e9sirez organiser une animation musicale avec nous, utilisez notre <a href=\"https:\/\/www.lessittelles.ch\/wp5\/contact\/\">formulaire de contact<\/a>. <\/p>\n","protected":false},"excerpt":{"rendered":"<p>L&rsquo;ann\u00e9e \u00ab\u00a0type\u00a0\u00bb des Sittelles est rythm\u00e9e par divers \u00e9v\u00e8nements r\u00e9guliers : Nous organisons \u00e9galement des concerts dans des EMS, animons, en alternance avec l&rsquo;Harmonie d&rsquo;Oron, les festivit\u00e9s du 1er ao\u00fbt \u00e0 Oron-la-Ville, et collaborons parfois avec d&rsquo;autres soci\u00e9t\u00e9s ou choeurs<\/p>\n","protected":false},"author":1,"featured_media":0,"parent":0,"menu_order":0,"comment_status":"closed","ping_status":"closed","template":"","meta":{"_EventAllDay":false,"_EventTimezone":"","_EventStartDate":"","_EventEndDate":"","_EventStartDateUTC":"","_EventEndDateUTC":"","_EventShowMap":false,"_EventShowMapLink":false,"_EventURL":"","_EventCost":"","_EventCostDescription":"","_EventCurrencySymbol":"","_EventCurrencyCode":"","_EventCurrencyPosition":"","_EventDateTimeSeparator":"","_EventTimeRangeSeparator":"","_EventOrganizerID":[],"_EventVenueID":[],"_OrganizerEmail":"","_OrganizerPhone":"","_OrganizerWebsite":"","_VenueAddress":"","_VenueCity":"","_VenueCountry":"","_VenueProvince":"","_VenueState":"","_VenueZip":"","_VenuePhone":"","_VenueURL":"","_VenueStateProvince":"","_VenueLat":"","_VenueLng":"","_VenueShowMap":false,"_VenueShowMapLink":false,"footnotes":""},"class_list":["post-305","page","type-page","status-publish","hentry"],"_links":{"self":[{"href":"https:\/\/www.lessittelles.ch\/wp5\/wp-json\/wp\/v2\/pages\/305","targetHints":{"allow":["GET"]}}],"collection":[{"href":"https:\/\/www.lessittelles.ch\/wp5\/wp-json\/wp\/v2\/pages"}],"about":[{"href":"https:\/\/www.lessittelles.ch\/wp5\/wp-json\/wp\/v2\/types\/page"}],"author":[{"embeddable":true,"href":"https:\/\/www.lessittelles.ch\/wp5\/wp-json\/wp\/v2\/users\/1"}],"replies":[{"embeddable":true,"href":"https:\/\/www.lessittelles.ch\/wp5\/wp-json\/wp\/v2\/comments?post=305"}],"version-history":[{"count":4,"href":"https:\/\/www.lessittelles.ch\/wp5\/wp-json\/wp\/v2\/pages\/305\/revisions"}],"predecessor-version":[{"id":747,"href":"https:\/\/www.lessittelles.ch\/wp5\/wp-json\/wp\/v2\/pages\/305\/revisions\/747"}],"wp:attachment":[{"href":"https:\/\/www.lessittelles.ch\/wp5\/wp-json\/wp\/v2\/media?parent=305"}],"curies":[{"name":"wp","href":"https:\/\/api.w.org\/{rel}","templated":true}]}}