{"id":289,"date":"2019-01-03T18:47:30","date_gmt":"2019-01-03T17:47:30","guid":{"rendered":"https:\/\/www.lessittelles.ch\/wp5\/?page_id=289"},"modified":"2022-09-23T16:19:30","modified_gmt":"2022-09-23T14:19:30","slug":"qui-sommes-nous","status":"publish","type":"page","link":"https:\/\/www.lessittelles.ch\/wp5\/qui-sommes-nous\/","title":{"rendered":"Qui sommes-nous?"},"content":{"rendered":"\n<h4 class=\"wp-block-heading\">Origines g\u00e9ographiques<\/h4>\n\n\n\n<p>Nos membres viennent principalement de la r\u00e9gion d\u2019Oron (VD, Suisse), mais leur attachement \u00e0 la soci\u00e9t\u00e9 incite quelques Sittelles ayant quitt\u00e9 le nid pour des raisons professionnelles ou familiales \u00e0 nous rejoindre de plus loin, par exemple de Bulle, ou Nyon.<\/p>\n\n\n\n<h4 class=\"wp-block-heading\">Une soci\u00e9t\u00e9 &#8211; trois groupes<\/h4>\n\n\n\n<p>La soci\u00e9t\u00e9 se compose de trois groupes :<\/p>\n\n\n\n<ul class=\"wp-block-list\"><li>Les\u00a0<em>Juniors<\/em>, jeunes en \u00e2ge de scolarit\u00e9 qui se r\u00e9unissent les mercredis de 18h30 \u00e0 19h15.<\/li><li>Les\u00a0<em>Seniors<\/em>, \u00ab\u00a0moins jeunes\u00a0\u00bb qui eux r\u00e9p\u00e8tent de 19h30 \u00e0 21h30, les mercredis \u00e9galement.<\/li><li><em>Unisson<\/em>, groupe fra\u00eechement cr\u00e9\u00e9 qui rejoint les Seniors un mercredi par mois pour le plaisir de partager la pratique de l\u2019accord\u00e9on.<\/li><\/ul>\n\n\n\n<p>Les r\u00e9p\u00e9titions ont lieu, sauf exceptions, au coll\u00e8ge de Chesalles-sur-Oron et suivent le calendrier scolaire vaudois. Consultez <a href=\"https:\/\/www.lessittelles.ch\/wp5\/calendrier-des-repetitions\/\">notre calendrier de r\u00e9p\u00e9titions<\/a> pour vous faire une id\u00e9e plus pr\u00e9cise.<\/p>\n\n\n\n<h4 class=\"wp-block-heading\">Activit\u00e9s<\/h4>\n\n\n\n<p>Les diverses activit\u00e9s de notre soci\u00e9t\u00e9 sont r\u00e9sum\u00e9es sur <a href=\"https:\/\/www.lessittelles.ch\/wp5\/nos-activites\/\">cette page<\/a>.<\/p>\n\n\n\n<h4 class=\"wp-block-heading\">Rejoignez-nous!<\/h4>\n\n\n\n<figure class=\"wp-block-image aligncenter size-large is-resized\"><a href=\"https:\/\/www.lessittelles.ch\/wp5\/wp-content\/uploads\/2022\/09\/Flyer-recherche-de-membres_1-scaled.jpg\"><img loading=\"lazy\" decoding=\"async\" src=\"https:\/\/www.lessittelles.ch\/wp5\/wp-content\/uploads\/2022\/09\/Flyer-recherche-de-membres_1-724x1024.jpg\" alt=\"\" class=\"wp-image-703\" width=\"231\" height=\"327\" srcset=\"https:\/\/www.lessittelles.ch\/wp5\/wp-content\/uploads\/2022\/09\/Flyer-recherche-de-membres_1-724x1024.jpg 724w, https:\/\/www.lessittelles.ch\/wp5\/wp-content\/uploads\/2022\/09\/Flyer-recherche-de-membres_1-212x300.jpg 212w, https:\/\/www.lessittelles.ch\/wp5\/wp-content\/uploads\/2022\/09\/Flyer-recherche-de-membres_1-768x1086.jpg 768w, https:\/\/www.lessittelles.ch\/wp5\/wp-content\/uploads\/2022\/09\/Flyer-recherche-de-membres_1-1086x1536.jpg 1086w, https:\/\/www.lessittelles.ch\/wp5\/wp-content\/uploads\/2022\/09\/Flyer-recherche-de-membres_1-1448x2048.jpg 1448w, https:\/\/www.lessittelles.ch\/wp5\/wp-content\/uploads\/2022\/09\/Flyer-recherche-de-membres_1-scaled.jpg 1811w\" sizes=\"auto, (max-width: 231px) 100vw, 231px\" \/><\/a><figcaption>Cliquez pour agrandir<\/figcaption><\/figure>\n\n\n\n<p>Avons-nous \u00e9veill\u00e9 votre int\u00e9r\u00eat ? N&rsquo;h\u00e9sitez pas \u00e0 <a href=\"https:\/\/www.lessittelles.ch\/wp5\/contact\/\">nous contacter<\/a>, ou \u00e0 venir directement nous rendre visite lors d&rsquo;une de nos r\u00e9p\u00e9titions!<\/p>\n\n\n\n<h4 class=\"wp-block-heading\">Apprendre l&rsquo;accord\u00e9on?<\/h4>\n\n\n\n<p>Vous ne jouez pas d\u2019accord\u00e9on, mais cet instrument vous titille? Cherchez-vous une activit\u00e9 culturelle, artistique dans un environnement amical, pour vous ou votre enfant? Il n&rsquo;y a pas d&rsquo;\u00e2ge pour d\u00e9buter!<br><a href=\"https:\/\/www.lessittelles.ch\/wp5\/contact\/\">Contactez-nous<\/a>, nous vous mettrons en relation avec notre professeure, Claudine Haenni!<\/p>\n","protected":false},"excerpt":{"rendered":"<p>Origines g\u00e9ographiques Nos membres viennent principalement de la r\u00e9gion d\u2019Oron (VD, Suisse), mais leur attachement \u00e0 la soci\u00e9t\u00e9 incite quelques Sittelles ayant quitt\u00e9 le nid pour des raisons professionnelles ou familiales \u00e0 nous rejoindre de plus loin, par exemple de<\/p>\n","protected":false},"author":1,"featured_media":0,"parent":0,"menu_order":0,"comment_status":"closed","ping_status":"closed","template":"","meta":{"_EventAllDay":false,"_EventTimezone":"","_EventStartDate":"","_EventEndDate":"","_EventStartDateUTC":"","_EventEndDateUTC":"","_EventShowMap":false,"_EventShowMapLink":false,"_EventURL":"","_EventCost":"","_EventCostDescription":"","_EventCurrencySymbol":"","_EventCurrencyCode":"","_EventCurrencyPosition":"","_EventDateTimeSeparator":"","_EventTimeRangeSeparator":"","_EventOrganizerID":[],"_EventVenueID":[],"_OrganizerEmail":"","_OrganizerPhone":"","_OrganizerWebsite":"","_VenueAddress":"","_VenueCity":"","_VenueCountry":"","_VenueProvince":"","_VenueState":"","_VenueZip":"","_VenuePhone":"","_VenueURL":"","_VenueStateProvince":"","_VenueLat":"","_VenueLng":"","_VenueShowMap":false,"_VenueShowMapLink":false,"footnotes":""},"class_list":["post-289","page","type-page","status-publish","hentry"],"_links":{"self":[{"href":"https:\/\/www.lessittelles.ch\/wp5\/wp-json\/wp\/v2\/pages\/289","targetHints":{"allow":["GET"]}}],"collection":[{"href":"https:\/\/www.lessittelles.ch\/wp5\/wp-json\/wp\/v2\/pages"}],"about":[{"href":"https:\/\/www.lessittelles.ch\/wp5\/wp-json\/wp\/v2\/types\/page"}],"author":[{"embeddable":true,"href":"https:\/\/www.lessittelles.ch\/wp5\/wp-json\/wp\/v2\/users\/1"}],"replies":[{"embeddable":true,"href":"https:\/\/www.lessittelles.ch\/wp5\/wp-json\/wp\/v2\/comments?post=289"}],"version-history":[{"count":15,"href":"https:\/\/www.lessittelles.ch\/wp5\/wp-json\/wp\/v2\/pages\/289\/revisions"}],"predecessor-version":[{"id":710,"href":"https:\/\/www.lessittelles.ch\/wp5\/wp-json\/wp\/v2\/pages\/289\/revisions\/710"}],"wp:attachment":[{"href":"https:\/\/www.lessittelles.ch\/wp5\/wp-json\/wp\/v2\/media?parent=289"}],"curies":[{"name":"wp","href":"https:\/\/api.w.org\/{rel}","templated":true}]}}