{"id":28,"date":"2018-12-20T12:20:47","date_gmt":"2018-12-20T12:20:47","guid":{"rendered":"https:\/\/lessittelles.ch\/wp5\/?page_id=28"},"modified":"2026-01-24T15:39:17","modified_gmt":"2026-01-24T14:39:17","slug":"bienvenue","status":"publish","type":"page","link":"https:\/\/www.lessittelles.ch\/wp5\/","title":{"rendered":"Bienvenue"},"content":{"rendered":"\n<p>Nous sommes une soci\u00e9t\u00e9 fond\u00e9e en 1972 et compos\u00e9e d\u2019une vingtaine de musiciens passionn\u00e9s qui, sous la direction de R\u00e9mi Mounes, d\u00e9veloppent sans rel\u00e2che leur savoir musical. Notre r\u00e9pertoire est vari\u00e9 et touche aussi bien les pi\u00e8ces classiques et concertantes que les morceaux issus de la culture traditionnelle. Plus de d\u00e9tails sur <a href=\"https:\/\/www.lessittelles.ch\/wp5\/qui-sommes-nous\/\">qui nous sommes<\/a>, et sur <a href=\"https:\/\/www.lessittelles.ch\/wp5\/nos-activites\/\">nos activit\u00e9s<\/a>.<\/p>\n\n\n\n<p>Profitez de votre visite pour agender nos <a href=\"https:\/\/www.lessittelles.ch\/wp5\/prochains-evenements\/\">prochaines manifestations<\/a>, et pour ne pas en manquer une, aimez notre <a href=\"http:\/\/www.facebook.com\/lessittelles.oron\">page sur Facebook<\/a> ou <a href=\"http:\/\/www.instagram.com\/lessittelles.oron\">Instagram<\/a>!<\/p>\n\n\n\n<p>Nous nous r\u00e9jouissons de vous rencontrer prochainement!<\/p>\n\n\n\n<figure class=\"wp-block-image aligncenter size-large\"><img loading=\"lazy\" decoding=\"async\" width=\"1024\" height=\"705\" src=\"https:\/\/www.lessittelles.ch\/wp5\/wp-content\/uploads\/2025\/01\/2024-Sursee-1-1024x705.jpeg\" alt=\"\" class=\"wp-image-829\" srcset=\"https:\/\/www.lessittelles.ch\/wp5\/wp-content\/uploads\/2025\/01\/2024-Sursee-1-1024x705.jpeg 1024w, https:\/\/www.lessittelles.ch\/wp5\/wp-content\/uploads\/2025\/01\/2024-Sursee-1-300x206.jpeg 300w, https:\/\/www.lessittelles.ch\/wp5\/wp-content\/uploads\/2025\/01\/2024-Sursee-1-768x528.jpeg 768w, https:\/\/www.lessittelles.ch\/wp5\/wp-content\/uploads\/2025\/01\/2024-Sursee-1.jpeg 1122w\" sizes=\"auto, (max-width: 1024px) 100vw, 1024px\" \/><figcaption class=\"wp-element-caption\">Les Sittelles \u00e0 la F\u00eate F\u00e9d\u00e9rale des Accord\u00e9onistes \u00e0 Sursee en juin 2024<\/figcaption><\/figure>\n","protected":false},"excerpt":{"rendered":"<p>Nous sommes une soci\u00e9t\u00e9 fond\u00e9e en 1972 et compos\u00e9e d\u2019une vingtaine de musiciens passionn\u00e9s qui, sous la direction de R\u00e9mi Mounes, d\u00e9veloppent sans rel\u00e2che leur savoir musical. Notre r\u00e9pertoire est vari\u00e9 et touche aussi bien les pi\u00e8ces classiques et concertantes<\/p>\n","protected":false},"author":1,"featured_media":0,"parent":0,"menu_order":0,"comment_status":"closed","ping_status":"closed","template":"","meta":{"_EventAllDay":false,"_EventTimezone":"","_EventStartDate":"","_EventEndDate":"","_EventStartDateUTC":"","_EventEndDateUTC":"","_EventShowMap":false,"_EventShowMapLink":false,"_EventURL":"","_EventCost":"","_EventCostDescription":"","_EventCurrencySymbol":"","_EventCurrencyCode":"","_EventCurrencyPosition":"","_EventDateTimeSeparator":"","_EventTimeRangeSeparator":"","_EventOrganizerID":[],"_EventVenueID":[],"_OrganizerEmail":"","_OrganizerPhone":"","_OrganizerWebsite":"","_VenueAddress":"","_VenueCity":"","_VenueCountry":"","_VenueProvince":"","_VenueState":"","_VenueZip":"","_VenuePhone":"","_VenueURL":"","_VenueStateProvince":"","_VenueLat":"","_VenueLng":"","_VenueShowMap":false,"_VenueShowMapLink":false,"footnotes":""},"class_list":["post-28","page","type-page","status-publish","hentry"],"_links":{"self":[{"href":"https:\/\/www.lessittelles.ch\/wp5\/wp-json\/wp\/v2\/pages\/28","targetHints":{"allow":["GET"]}}],"collection":[{"href":"https:\/\/www.lessittelles.ch\/wp5\/wp-json\/wp\/v2\/pages"}],"about":[{"href":"https:\/\/www.lessittelles.ch\/wp5\/wp-json\/wp\/v2\/types\/page"}],"author":[{"embeddable":true,"href":"https:\/\/www.lessittelles.ch\/wp5\/wp-json\/wp\/v2\/users\/1"}],"replies":[{"embeddable":true,"href":"https:\/\/www.lessittelles.ch\/wp5\/wp-json\/wp\/v2\/comments?post=28"}],"version-history":[{"count":52,"href":"https:\/\/www.lessittelles.ch\/wp5\/wp-json\/wp\/v2\/pages\/28\/revisions"}],"predecessor-version":[{"id":871,"href":"https:\/\/www.lessittelles.ch\/wp5\/wp-json\/wp\/v2\/pages\/28\/revisions\/871"}],"wp:attachment":[{"href":"https:\/\/www.lessittelles.ch\/wp5\/wp-json\/wp\/v2\/media?parent=28"}],"curies":[{"name":"wp","href":"https:\/\/api.w.org\/{rel}","templated":true}]}}