{"id":26,"date":"2018-12-20T12:22:27","date_gmt":"2018-12-20T12:22:27","guid":{"rendered":"https:\/\/lessittelles.ch\/wp5\/?page_id=26"},"modified":"2019-01-03T20:55:01","modified_gmt":"2019-01-03T19:55:01","slug":"contact","status":"publish","type":"page","link":"https:\/\/www.lessittelles.ch\/wp5\/contact\/","title":{"rendered":"Formulaire de contact"},"content":{"rendered":"<p>Vous pouvez \u00e0 tout moment nous joindre en vous adressant \u00e0 notre pr\u00e9sident gr\u00e2ce au formulaire ci-dessous.<\/p>\n<div class=\"everest-forms\"><div class=\"evf-container default\" id=\"evf-51\"><form id=\"evf-form-51\" class=\"everest-form\" data-formid=\"51\" data-ajax_submission=\"0\" data-keyboard_friendly_form=\"0\" data-form_state_type=\"\" method=\"post\" enctype=\"multipart\/form-data\" action=\"\/wp5\/wp-json\/wp\/v2\/pages\/26\"><div class=\"evf-field-container\"><input type=\"hidden\" id=\"_wpnonce51\" name=\"_wpnonce51\" value=\"649d46be61\" \/><input type=\"hidden\" name=\"_wp_http_referer\" value=\"\/wp5\/wp-json\/wp\/v2\/pages\/26\" \/><div class=\"evf-frontend-row\" data-row=\"row_1\" conditional_rules=\"[]\"><div class=\"evf-frontend-grid evf-grid-1\" data-grid=\"grid_1\"><div id=\"evf-51-field_fullname-container\" class=\"evf-field evf-field-text form-row validate-required\" data-required-field-message=\"Ce champ est requis\" data-field-id=\"fullname\"><label class=\"evf-field-label\" for=\"evf-51-field_fullname\"><span class=\"evf-label\">Votre nom<\/span> <abbr class=\"required\" title=\"N\u00e9cessaire\">*<\/abbr><\/label><input type=\"text\" id=\"evf-51-field_fullname\" class=\"input-text\" name=\"everest_forms[form_fields][fullname]\" required><\/div><div id=\"evf-51-field_email-container\" class=\"evf-field evf-field-email form-row validate-required validate-email\" data-required-field-message=\"Merci de saisir une adresse e-mail valide\" data-field-id=\"email\"><label class=\"evf-field-label\" for=\"evf-51-field_email\"><span class=\"evf-label\">Votre adresse e-mail<\/span> <abbr class=\"required\" title=\"N\u00e9cessaire\">*<\/abbr><\/label><input type=\"email\" id=\"evf-51-field_email\" class=\"input-text\" name=\"everest_forms[form_fields][email]\" required ><\/div><div id=\"evf-51-field_subject-container\" class=\"evf-field evf-field-text form-row validate-required\" data-required-field-message=\"Ce champ est requis\" data-field-id=\"subject\"><label class=\"evf-field-label\" for=\"evf-51-field_subject\"><span class=\"evf-label\">Sujet<\/span> <abbr class=\"required\" title=\"N\u00e9cessaire\">*<\/abbr><\/label><input type=\"text\" id=\"evf-51-field_subject\" class=\"input-text\" name=\"everest_forms[form_fields][subject]\" required><\/div><div id=\"evf-51-field_message-container\" class=\"evf-field evf-field-textarea form-row validate-required\" data-required-field-message=\"Ce champ est requis\" data-field-id=\"message\"><label class=\"evf-field-label\" for=\"evf-51-field_message\"><span class=\"evf-label\">Message<\/span> <abbr class=\"required\" title=\"N\u00e9cessaire\">*<\/abbr><\/label><textarea id=\"evf-51-field_message\" class=\"input-text\" name=\"everest_forms[form_fields][message]\" required ><\/textarea><\/div><\/div><\/div><\/div><div class=\"evf-honeypot-container evf-field-hp\"><label for=\"evf-51-field-hp\" class=\"evf-field-label\">Comment<\/label><input type=\"text\" name=\"everest_forms[hp]\" id=\"evf-51-field-hp\" class=\"input-text\"><\/div><div class=\"evf-recaptcha-container \" style=\"display:block\"><div class=\"g-recaptcha\" data-sitekey=\"6LfD7h0TAAAAAC2xZUvRB8-jgOlbEX0Hym7bfqW1\"><\/div><\/div><div class=\"evf-submit-container \" ><input type=\"hidden\" name=\"everest_forms[id]\" value=\"51\"><input type=\"hidden\" name=\"everest_forms[author]\" value=\"1\"><button type='submit' name='everest_forms[submit]' class='everest-forms-submit-button button evf-submit ' id='evf-submit-51' value='evf-submit' data-process-text=\"En cours\u2026\" conditional_rules='&quot;&quot;' conditional_id='evf-submit-51'  id=\"evf-submit-51\" aria-live=\"assertive\">Envoyer<\/button><\/div><\/form><\/div><!-- .evf-container --><\/div>\n","protected":false},"excerpt":{"rendered":"<p>Vous pouvez \u00e0 tout moment nous joindre en vous adressant \u00e0 notre pr\u00e9sident gr\u00e2ce au formulaire ci-dessous.<\/p>\n","protected":false},"author":1,"featured_media":0,"parent":0,"menu_order":0,"comment_status":"closed","ping_status":"closed","template":"page-templates\/contact.php","meta":{"_EventAllDay":false,"_EventTimezone":"","_EventStartDate":"","_EventEndDate":"","_EventStartDateUTC":"","_EventEndDateUTC":"","_EventShowMap":false,"_EventShowMapLink":false,"_EventURL":"","_EventCost":"","_EventCostDescription":"","_EventCurrencySymbol":"","_EventCurrencyCode":"","_EventCurrencyPosition":"","_EventDateTimeSeparator":"","_EventTimeRangeSeparator":"","_EventOrganizerID":[],"_EventVenueID":[],"_OrganizerEmail":"","_OrganizerPhone":"","_OrganizerWebsite":"","_VenueAddress":"","_VenueCity":"","_VenueCountry":"","_VenueProvince":"","_VenueState":"","_VenueZip":"","_VenuePhone":"","_VenueURL":"","_VenueStateProvince":"","_VenueLat":"","_VenueLng":"","_VenueShowMap":false,"_VenueShowMapLink":false,"footnotes":""},"class_list":["post-26","page","type-page","status-publish","hentry"],"_links":{"self":[{"href":"https:\/\/www.lessittelles.ch\/wp5\/wp-json\/wp\/v2\/pages\/26","targetHints":{"allow":["GET"]}}],"collection":[{"href":"https:\/\/www.lessittelles.ch\/wp5\/wp-json\/wp\/v2\/pages"}],"about":[{"href":"https:\/\/www.lessittelles.ch\/wp5\/wp-json\/wp\/v2\/types\/page"}],"author":[{"embeddable":true,"href":"https:\/\/www.lessittelles.ch\/wp5\/wp-json\/wp\/v2\/users\/1"}],"replies":[{"embeddable":true,"href":"https:\/\/www.lessittelles.ch\/wp5\/wp-json\/wp\/v2\/comments?post=26"}],"version-history":[{"count":3,"href":"https:\/\/www.lessittelles.ch\/wp5\/wp-json\/wp\/v2\/pages\/26\/revisions"}],"predecessor-version":[{"id":336,"href":"https:\/\/www.lessittelles.ch\/wp5\/wp-json\/wp\/v2\/pages\/26\/revisions\/336"}],"wp:attachment":[{"href":"https:\/\/www.lessittelles.ch\/wp5\/wp-json\/wp\/v2\/media?parent=26"}],"curies":[{"name":"wp","href":"https:\/\/api.w.org\/{rel}","templated":true}]}}